{"id":42,"date":"2020-03-27T15:16:44","date_gmt":"2020-03-27T14:16:44","guid":{"rendered":"http:\/\/serwer1776168.home.pl\/autoinstalator\/wordpress\/?page_id=42"},"modified":"2026-03-09T13:10:09","modified_gmt":"2026-03-09T12:10:09","slug":"cennik","status":"publish","type":"page","link":"https:\/\/mpgkdarlowo.pl\/index.php\/cennik\/","title":{"rendered":"Cennik"},"content":{"rendered":"\n<p><\/p>\n\n\n\n<p class=\"has-text-align-center\"><strong>Cenniki poszczeg\u00f3lnych zak\u0142ad\u00f3w obowi\u0105zuj\u0105ce od 02.01.2026r.<\/strong><\/p>\n\n\n\n<p><\/p>\n\n\n\n<p><\/p>\n\n\n\n<p><a href=\"https:\/\/mpgkdarlowo.pl\/wp-content\/uploads\/2026\/01\/Cennik_zbiorczy-02.01.26-wod-kan.pdf\">Cennik Zak\u0142adu Wodoci\u0105g\u00f3w i Kanalizacji<\/a> (wodomierze, plombowanie, dokumentacja, czyszczenie studzienek, wyw\u00f3z szamba)<\/p>\n\n\n\n<p><a href=\"https:\/\/mpgkdarlowo.pl\/wp-content\/uploads\/2026\/03\/Cennik_zbiorczy-01.03.26-osir-v3.pdf\">Cennik OSiR<\/a> (wynajem boiska)<\/p>\n\n\n\n<p><a href=\"https:\/\/mpgkdarlowo.pl\/wp-content\/uploads\/2026\/01\/Cennik_zbiorczy-02.01.26-gts.pdf\">Cennik Zak\u0142adu Technicznego<\/a> (koparka, podno\u015bnik, transport, warsztat)<\/p>\n\n\n\n<p><a href=\"https:\/\/mpgkdarlowo.pl\/wp-content\/uploads\/2026\/01\/Cennik_zbiorczy-02.01.26-zom.pdf\">Cennik Zak\u0142adu Oczyszczania i Estetyzacji<\/a> (odpady, transport, ziele\u0144, pojemniki, cmentarz)<\/p>\n\n\n\n<p><a href=\"https:\/\/mpgkdarlowo.pl\/wp-content\/uploads\/2026\/01\/Cennik_zbiorczy-02.01.26-oczyszczalnia.pdf\">Cennik Biologicznej Oczyszczalni \u015aciek\u00f3w<\/a> (przyjmowanie nieczysto\u015bci p\u0142ynnych)<\/p>\n\n\n\n<p><\/p>\n","protected":false},"excerpt":{"rendered":"<p>Cenniki poszczeg\u00f3lnych zak\u0142ad\u00f3w obowi\u0105zuj\u0105ce od 02.01.2026r. Cennik Zak\u0142adu Wodoci\u0105g\u00f3w i Kanalizacji (wodomierze, plombowanie, dokumentacja, czyszczenie studzienek, wyw\u00f3z szamba) Cennik OSiR (wynajem boiska) Cennik Zak\u0142adu Technicznego (koparka, podno\u015bnik, transport, warsztat) Cennik Zak\u0142adu Oczyszczania i Estetyzacji&#46;&#46;&#46;<\/p>\n","protected":false},"author":1,"featured_media":0,"parent":0,"menu_order":0,"comment_status":"closed","ping_status":"closed","template":"","meta":{"footnotes":"","_links_to":"","_links_to_target":""},"class_list":["post-42","page","type-page","status-publish","hentry"],"_links":{"self":[{"href":"https:\/\/mpgkdarlowo.pl\/index.php\/wp-json\/wp\/v2\/pages\/42","targetHints":{"allow":["GET"]}}],"collection":[{"href":"https:\/\/mpgkdarlowo.pl\/index.php\/wp-json\/wp\/v2\/pages"}],"about":[{"href":"https:\/\/mpgkdarlowo.pl\/index.php\/wp-json\/wp\/v2\/types\/page"}],"author":[{"embeddable":true,"href":"https:\/\/mpgkdarlowo.pl\/index.php\/wp-json\/wp\/v2\/users\/1"}],"replies":[{"embeddable":true,"href":"https:\/\/mpgkdarlowo.pl\/index.php\/wp-json\/wp\/v2\/comments?post=42"}],"version-history":[{"count":50,"href":"https:\/\/mpgkdarlowo.pl\/index.php\/wp-json\/wp\/v2\/pages\/42\/revisions"}],"predecessor-version":[{"id":1081,"href":"https:\/\/mpgkdarlowo.pl\/index.php\/wp-json\/wp\/v2\/pages\/42\/revisions\/1081"}],"wp:attachment":[{"href":"https:\/\/mpgkdarlowo.pl\/index.php\/wp-json\/wp\/v2\/media?parent=42"}],"curies":[{"name":"wp","href":"https:\/\/api.w.org\/{rel}","templated":true}]}}