{"id":49,"date":"2020-03-27T15:26:13","date_gmt":"2020-03-27T14:26:13","guid":{"rendered":"http:\/\/serwer1776168.home.pl\/autoinstalator\/wordpress\/?page_id=49"},"modified":"2025-03-12T09:45:11","modified_gmt":"2025-03-12T08:45:11","slug":"kontakt","status":"publish","type":"page","link":"https:\/\/mpgkdarlowo.pl\/index.php\/kontakt\/","title":{"rendered":"Kontakt"},"content":{"rendered":"\n<p><strong>Miejskie Przedsi\u0119biorstwo Gospodarki Komunalnej<br>Sp\u00f3\u0142ka z o. o. w Dar\u0142owie<br>76-150 Dar\u0142owo ul. 1 Maja 1<\/strong><\/p>\n\n\n\n<p><strong>Czynne od poniedzia\u0142ku do pi\u0105tku w godz 7-15<\/strong><\/p>\n\n\n\n<p> <strong>e-mail<\/strong> &#8211;&nbsp;mpgk@mpgkdarlowo.pl <\/p>\n\n\n\n<p><strong>adres do e-Dor\u0119cze\u0144:<\/strong> AE:PL-33974-47624-IAWVS-15<\/p>\n\n\n\n<p><strong>Sekretariat<\/strong> &#8211; (94) 314 30 71 fax: &#8211; (94) 314 53 91<\/p>\n\n\n\n<p><strong>Zak\u0142ad Wodoci\u0105g\u00f3w Miejskich<\/strong>&nbsp;&#8211; (94) 314 00 07<\/p>\n\n\n\n<p><strong>GTS \u2013 Baza Transportowa<\/strong>&nbsp;&#8211; (94) 314 23 65<\/p>\n\n\n\n<p><strong>Zak\u0142ad Oczyszczania i Estetyzacji<\/strong>&nbsp;&#8211; (94) 314 26 11<\/p>\n\n\n\n<p><strong>Oczyszczalnia \u015aciek\u00f3w<\/strong>&nbsp;&#8211; (94) 314 54 00<\/p>\n\n\n\n<p><strong>Konto:<\/strong>&nbsp;BBS Dar\u0142owo 65 8566 0003 0100 2655 2000 0001<br><strong>NIP<\/strong>&nbsp;669-050-14-20<br><strong>Regon<\/strong>&nbsp;330232692 <\/p>\n\n\n\n<p><strong>Dojazd<\/strong><\/p>\n\n\n<div class=\"mapouter\">\n<div class=\"gmap_canvas\"><iframe loading=\"lazy\" width=\"600\" height=\"500\" id=\"gmap_canvas\" src=\"https:\/\/maps.google.com\/maps?q=mpgk%20dar%C5%82owo&amp;t=&amp;z=15&amp;ie=UTF8&amp;iwloc=&amp;output=embed\" frameborder=\"0\" scrolling=\"no\" marginheight=\"0\" marginwidth=\"0\"><\/iframe><a href=\"https:\/\/www.embedgooglemap.net\/blog\/nordvpn-coupon-code\/\">https:\/\/www.embedgooglemap.net\/blog\/nordvpn-coupon-code\/<\/a><\/div>\n<style>.mapouter{position:relative;text-align:right;height:500px;width:600px;}.gmap_canvas {overflow:hidden;background:none!important;height:500px;width:600px;}<\/style>\n<\/div>\n<p><small><a style=\"color: #0000ff; text-align: left;\" href=\"http:\/\/maps.google.com\/maps?f=q&amp;source=embed&amp;hl=pl&amp;geocode=&amp;q=1+maja+1,+Dar%C5%82owo,+Polska&amp;aq=&amp;sll=54.416667,16.416667&amp;sspn=0.017156,0.045447&amp;ie=UTF8&amp;hq=&amp;hnear=1+Maja,+76-150+Dar%C5%82owo,+s%C5%82awie%C5%84ski,+zachodniopomorskie,+Polska&amp;t=m&amp;z=14&amp;iwloc=A\">Wy\u015bwietl wi\u0119ksz\u0105 map\u0119<\/a><\/small><\/p>","protected":false},"excerpt":{"rendered":"<p>Miejskie Przedsi\u0119biorstwo Gospodarki KomunalnejSp\u00f3\u0142ka z o. o. w Dar\u0142owie76-150 Dar\u0142owo ul. 1 Maja 1 Czynne od poniedzia\u0142ku do pi\u0105tku w godz 7-15 e-mail &#8211;&nbsp;mpgk@mpgkdarlowo.pl adres do e-Dor\u0119cze\u0144: AE:PL-33974-47624-IAWVS-15 Sekretariat &#8211; (94) 314 30 71&#46;&#46;&#46;<\/p>\n","protected":false},"author":1,"featured_media":0,"parent":0,"menu_order":0,"comment_status":"closed","ping_status":"closed","template":"","meta":{"footnotes":"","_links_to":"","_links_to_target":""},"class_list":["post-49","page","type-page","status-publish","hentry"],"_links":{"self":[{"href":"https:\/\/mpgkdarlowo.pl\/index.php\/wp-json\/wp\/v2\/pages\/49","targetHints":{"allow":["GET"]}}],"collection":[{"href":"https:\/\/mpgkdarlowo.pl\/index.php\/wp-json\/wp\/v2\/pages"}],"about":[{"href":"https:\/\/mpgkdarlowo.pl\/index.php\/wp-json\/wp\/v2\/types\/page"}],"author":[{"embeddable":true,"href":"https:\/\/mpgkdarlowo.pl\/index.php\/wp-json\/wp\/v2\/users\/1"}],"replies":[{"embeddable":true,"href":"https:\/\/mpgkdarlowo.pl\/index.php\/wp-json\/wp\/v2\/comments?post=49"}],"version-history":[{"count":12,"href":"https:\/\/mpgkdarlowo.pl\/index.php\/wp-json\/wp\/v2\/pages\/49\/revisions"}],"predecessor-version":[{"id":832,"href":"https:\/\/mpgkdarlowo.pl\/index.php\/wp-json\/wp\/v2\/pages\/49\/revisions\/832"}],"wp:attachment":[{"href":"https:\/\/mpgkdarlowo.pl\/index.php\/wp-json\/wp\/v2\/media?parent=49"}],"curies":[{"name":"wp","href":"https:\/\/api.w.org\/{rel}","templated":true}]}}