{"id":66,"date":"2020-03-31T19:12:45","date_gmt":"2020-03-31T17:12:45","guid":{"rendered":"http:\/\/serwer1776168.home.pl\/autoinstalator\/wordpress\/?page_id=66"},"modified":"2026-04-10T09:48:53","modified_gmt":"2026-04-10T07:48:53","slug":"pszok","status":"publish","type":"page","link":"https:\/\/mpgkdarlowo.pl\/index.php\/pszok\/","title":{"rendered":"Punkt Selektywnej Zbi\u00f3rki Odpad\u00f3w Komunalnych"},"content":{"rendered":"\n<p>Lokalizacja: ul. Fryderyka Chopina 61, 76-150 Dar\u0142owo.<\/p>\n\n\n\n<p>Godziny otwarcia:<\/p>\n\n\n\n<p>wtorek: 8:00 &#8211; 16:00<\/p>\n\n\n\n<p>czwartek: 8-00 &#8211; <strong>15:00<\/strong><\/p>\n\n\n\n<p>sobota: 8:00 &#8211; 16:00<\/p>\n\n\n\n<p><\/p>\n\n\n\n<p>Prosimy o zapoznanie si\u0119 z tre\u015bci\u0105 poni\u017cszych informacji:<\/p>\n\n\n\n<p><\/p>\n\n\n\n<p><strong><a href=\"https:\/\/mpgkdarlowo.pl\/index.php\/punkt-selektywnej-zbiorki-odpadow-komunalnych-ulica-fryderyka-chopina-61-76-150-darlowo\/\" data-type=\"link\" data-id=\"https:\/\/mpgkdarlowo.pl\/index.php\/punkt-selektywnej-zbiorki-odpadow-komunalnych-ulica-fryderyka-chopina-61-76-150-darlowo\/\">Punkt Selektywnej Zbi\u00f3rki\u00a0 Odpad\u00f3w Komunalnych &#8211; podstawowe informacje<\/a><\/strong><\/p>\n\n\n\n<p><strong><a href=\"https:\/\/mpgkdarlowo.pl\/index.php\/odbior-gabarytow-m-in-meble-wykladziny-zuzyty-sprzet-elektryczne-i-elektroniczny-odziez-i-tekstylia-spod-nieruchomosci-zamieszkalych\/\" data-type=\"link\" data-id=\"https:\/\/mpgkdarlowo.pl\/index.php\/odbior-gabarytow-m-in-meble-wykladziny-zuzyty-sprzet-elektryczne-i-elektroniczny-odziez-i-tekstylia-spod-nieruchomosci-zamieszkalych\/\">Odbi\u00f3r gabaryt\u00f3w, zu\u017cytego sprz\u0119tu elektrycznego i elektronicznego, odzie\u017cy i tekstyli\u00f3w<\/a><\/strong><\/p>\n\n\n\n<p><strong><a href=\"https:\/\/mpgkdarlowo.pl\/index.php\/najwazniejsze-zmiany-wynikajace-z-uchwal\/\" data-type=\"link\" data-id=\"https:\/\/mpgkdarlowo.pl\/index.php\/najwazniejsze-zmiany-wynikajace-z-uchwal\/\">Najwa\u017cniejsze zmiany wynikaj\u0105ce z uchwa\u0142<\/a><\/strong><\/p>\n\n\n\n<p><\/p>\n\n\n\n<p>Dodatkowe informacje pod adresem: <a rel=\"noreferrer noopener\" href=\"https:\/\/www.odpady.darlowo.pl\/pszok.html\" target=\"_blank\">https:\/\/www.odpady.darlowo.pl\/pszok.html<\/a><\/p>\n","protected":false},"excerpt":{"rendered":"<p>Lokalizacja: ul. Fryderyka Chopina 61, 76-150 Dar\u0142owo. Godziny otwarcia: wtorek: 8:00 &#8211; 16:00 czwartek: 8-00 &#8211; 15:00 sobota: 8:00 &#8211; 16:00 Prosimy o zapoznanie si\u0119 z tre\u015bci\u0105 poni\u017cszych informacji: Punkt Selektywnej Zbi\u00f3rki\u00a0 Odpad\u00f3w Komunalnych&#46;&#46;&#46;<\/p>\n","protected":false},"author":1,"featured_media":0,"parent":0,"menu_order":0,"comment_status":"closed","ping_status":"closed","template":"","meta":{"footnotes":"","_links_to":"","_links_to_target":""},"class_list":["post-66","page","type-page","status-publish","hentry"],"_links":{"self":[{"href":"https:\/\/mpgkdarlowo.pl\/index.php\/wp-json\/wp\/v2\/pages\/66","targetHints":{"allow":["GET"]}}],"collection":[{"href":"https:\/\/mpgkdarlowo.pl\/index.php\/wp-json\/wp\/v2\/pages"}],"about":[{"href":"https:\/\/mpgkdarlowo.pl\/index.php\/wp-json\/wp\/v2\/types\/page"}],"author":[{"embeddable":true,"href":"https:\/\/mpgkdarlowo.pl\/index.php\/wp-json\/wp\/v2\/users\/1"}],"replies":[{"embeddable":true,"href":"https:\/\/mpgkdarlowo.pl\/index.php\/wp-json\/wp\/v2\/comments?post=66"}],"version-history":[{"count":24,"href":"https:\/\/mpgkdarlowo.pl\/index.php\/wp-json\/wp\/v2\/pages\/66\/revisions"}],"predecessor-version":[{"id":1117,"href":"https:\/\/mpgkdarlowo.pl\/index.php\/wp-json\/wp\/v2\/pages\/66\/revisions\/1117"}],"wp:attachment":[{"href":"https:\/\/mpgkdarlowo.pl\/index.php\/wp-json\/wp\/v2\/media?parent=66"}],"curies":[{"name":"wp","href":"https:\/\/api.w.org\/{rel}","templated":true}]}}