{"id":690,"date":"2024-10-09T13:24:17","date_gmt":"2024-10-09T11:24:17","guid":{"rendered":"https:\/\/mpgkdarlowo.pl\/?page_id=690"},"modified":"2026-01-08T08:55:44","modified_gmt":"2026-01-08T07:55:44","slug":"przetargi-2","status":"publish","type":"page","link":"https:\/\/mpgkdarlowo.pl\/index.php\/przetargi-2\/","title":{"rendered":"Przetargi"},"content":{"rendered":"\n<h2 class=\"wp-block-heading\">2026<\/h2>\n\n\n\n<p><a href=\"https:\/\/ezamowienia.gov.pl\/mp-client\/search\/list\/ocds-148610-192e3c4c-6d09-4394-901c-2c55208b0880\">Us\u0142uga w zakresie przyj\u0119cia i zagospodarowania odpad\u00f3w dostarczonych w\u0142asnym transportem przez Zamawiaj\u0105cego do odbiorcy<\/a><\/p>\n\n\n\n<h2 class=\"wp-block-heading\">2025<\/h2>\n\n\n\n<p><a href=\"https:\/\/ezamowienia.gov.pl\/mp-client\/search\/list\/ocds-148610-e7ebd4e1-0139-4ad2-81da-854e8f11a6b7\">Dostawa w formie leasingu operacyjnego u\u017cywanego samochodu ci\u0119\u017carowego typu bramowiec z wyposa\u017ceniem do zimowego utrzymania dr\u00f3g<\/a><\/p>\n\n\n\n<p><a href=\"https:\/\/ezamowienia.gov.pl\/mp-client\/search\/list\/ocds-148610-95e57435-2fb4-45e4-8a5a-42abb60f3c10\">Us\u0142uga w zakresie przyj\u0119cia i zagospodarowania odpad\u00f3w dostarczonych w\u0142asnym transportem przez Zamawiaj\u0105cego do odbiorcy<\/a><\/p>\n\n\n\n<p><a href=\"https:\/\/ezamowienia.gov.pl\/mp-client\/search\/list\/ocds-148610-88e1ea48-6be1-4a01-ba11-480f13414d72\">Sukcesywna dostawa paliw p\u0142ynnych do samochod\u00f3w s\u0142u\u017cbowych MPGK Sp. z o.o.<\/a><\/p>\n\n\n\n<p><a href=\"https:\/\/mpgkdarlowo.pl\/wp-content\/uploads\/2025\/04\/ogloszenie.pdf\">Sprzeda\u017c samochodu ci\u0119\u017carowego &#8211; drugi przetard<\/a><\/p>\n\n\n\n<p><a href=\"https:\/\/mpgkdarlowo.pl\/wp-content\/uploads\/2025\/03\/ogloszenie-sprzedaz-samochodu-ciezarowego.pdf\">Sprzeda\u017c samochodu ci\u0119\u017carowego<\/a><\/p>\n\n\n\n<h2 class=\"wp-block-heading\">2024<\/h2>\n\n\n\n<p><a href=\"https:\/\/ezamowienia.gov.pl\/mp-client\/search\/list\/ocds-148610-0023313d-f653-4107-94c9-e2265887f7ea\" target=\"_blank\" rel=\"noreferrer noopener\">Sukcesywna dostawa paliw p\u0142ynnych do samochod\u00f3w s\u0142u\u017cbowych Miejskiego Przedsi\u0119biorstwa Gospodarki Komunalnej Sp. z o.o. w Dar\u0142owie<\/a><\/p>\n\n\n\n<p><\/p>\n","protected":false},"excerpt":{"rendered":"<p>2026 Us\u0142uga w zakresie przyj\u0119cia i zagospodarowania odpad\u00f3w dostarczonych w\u0142asnym transportem przez Zamawiaj\u0105cego do odbiorcy 2025 Dostawa w formie leasingu operacyjnego u\u017cywanego samochodu ci\u0119\u017carowego typu bramowiec z wyposa\u017ceniem do zimowego utrzymania dr\u00f3g Us\u0142uga w&#46;&#46;&#46;<\/p>\n","protected":false},"author":1,"featured_media":0,"parent":0,"menu_order":0,"comment_status":"closed","ping_status":"closed","template":"","meta":{"footnotes":"","_links_to":"","_links_to_target":""},"class_list":["post-690","page","type-page","status-publish","hentry"],"_links":{"self":[{"href":"https:\/\/mpgkdarlowo.pl\/index.php\/wp-json\/wp\/v2\/pages\/690","targetHints":{"allow":["GET"]}}],"collection":[{"href":"https:\/\/mpgkdarlowo.pl\/index.php\/wp-json\/wp\/v2\/pages"}],"about":[{"href":"https:\/\/mpgkdarlowo.pl\/index.php\/wp-json\/wp\/v2\/types\/page"}],"author":[{"embeddable":true,"href":"https:\/\/mpgkdarlowo.pl\/index.php\/wp-json\/wp\/v2\/users\/1"}],"replies":[{"embeddable":true,"href":"https:\/\/mpgkdarlowo.pl\/index.php\/wp-json\/wp\/v2\/comments?post=690"}],"version-history":[{"count":15,"href":"https:\/\/mpgkdarlowo.pl\/index.php\/wp-json\/wp\/v2\/pages\/690\/revisions"}],"predecessor-version":[{"id":1026,"href":"https:\/\/mpgkdarlowo.pl\/index.php\/wp-json\/wp\/v2\/pages\/690\/revisions\/1026"}],"wp:attachment":[{"href":"https:\/\/mpgkdarlowo.pl\/index.php\/wp-json\/wp\/v2\/media?parent=690"}],"curies":[{"name":"wp","href":"https:\/\/api.w.org\/{rel}","templated":true}]}}