{"id":723,"date":"2024-11-18T14:12:35","date_gmt":"2024-11-18T13:12:35","guid":{"rendered":"https:\/\/mpgkdarlowo.pl\/?page_id=723"},"modified":"2026-03-09T13:25:23","modified_gmt":"2026-03-09T12:25:23","slug":"zapytania-ofertowe","status":"publish","type":"page","link":"https:\/\/mpgkdarlowo.pl\/index.php\/zapytania-ofertowe\/","title":{"rendered":"Zapytania ofertowe"},"content":{"rendered":"\n<h2 class=\"wp-block-heading\"><strong>2026<\/strong><\/h2>\n\n\n\n<p><a href=\"https:\/\/mpgkdarlowo.pl\/index.php\/termin-skladania-ofert-19-03-26-r-do-godz-1200\/\">Sukcesywna dostawa odzie\u017cy roboczej do MPGK Sp. z o.o. w Dar\u0142owie<\/a><\/p>\n\n\n\n<h2 class=\"wp-block-heading\"><strong>2025<\/strong><\/h2>\n\n\n\n<p><a href=\"https:\/\/mpgkdarlowo.pl\/index.php\/964-2\/\">Dostawa energii elektrycznej do Stacji Uzdatniania Wody w Dar\u0142owie<\/a><\/p>\n\n\n\n<p><a href=\"https:\/\/mpgkdarlowo.pl\/index.php\/954-2\/\">Opracowanie operatu wodnoprawnego wraz z uzyskaniem pozwolenia &#8211; trzecie zapytanie<\/a><\/p>\n\n\n\n<p><a href=\"https:\/\/mpgkdarlowo.pl\/index.php\/termin-skladania-ofert-16-06-25-r-do-godz-1200\/\">Dostawa energii elektrycznej do Oczyszczalni \u015aciek\u00f3w w Zukowie Morskim gm. Dar\u0142owo<\/a><\/p>\n\n\n\n<p><a href=\"https:\/\/mpgkdarlowo.pl\/index.php\/907-2\/\">Opracowanie operatu wodnoprawnego wraz z uzyskaniem pozwolenia &#8211; drugie zapytanie<\/a><\/p>\n\n\n\n<p><a href=\"https:\/\/mpgkdarlowo.pl\/index.php\/termin-skladania-ofert-22-04-2025-r-do-godziny-12-00\/\">Wykonanie dokumentacji projektowej na budow\u0119 magistrali wodoci\u0105gowej &#8211; drugie zapytanie<\/a><\/p>\n\n\n\n<p><a href=\"https:\/\/mpgkdarlowo.pl\/index.php\/866-2\/\">Opracowanie operatu wodnoprawnego wraz z uzyskaniem pozwolenia<\/a><\/p>\n\n\n\n<p><a href=\"https:\/\/mpgkdarlowo.pl\/index.php\/835-2\/\">Wykonanie dokumentacji projektowej na budow\u0119 magistrali wodoci\u0105gowej<\/a><\/p>\n\n\n\n<p><a href=\"https:\/\/mpgkdarlowo.pl\/index.php\/815-2\/\">Sukcesywna dostawa odzie\u017cy roboczej do MPGK Sp. z o. o. w Dar\u0142owie<\/a><\/p>\n\n\n\n<p><a href=\"https:\/\/mpgkdarlowo.pl\/index.php\/802-2\/\">Sukcesywna dostawa wodomierzy przystosowanych do systemu odczytu radiowego &#8211; drugie zapytanie<\/a><\/p>\n\n\n\n<p><a href=\"https:\/\/mpgkdarlowo.pl\/index.php\/771-2\/\">Sukcesywna dostawa wodomierzy przystosowanych do systemu odczytu radiowego<\/a> <\/p>\n\n\n\n<h2 class=\"wp-block-heading\">2024<\/h2>\n\n\n\n<p> <a href=\"https:\/\/mpgkdarlowo.pl\/index.php\/termin-skladania-ofert-29-11-2024-r\/\">Naprawa nawierzchni ulic po awariach sieci wodno-kanalizacyjnej<\/a><\/p>\n\n\n\n<p><\/p>\n","protected":false},"excerpt":{"rendered":"<p>2026 Sukcesywna dostawa odzie\u017cy roboczej do MPGK Sp. z o.o. w Dar\u0142owie 2025 Dostawa energii elektrycznej do Stacji Uzdatniania Wody w Dar\u0142owie Opracowanie operatu wodnoprawnego wraz z uzyskaniem pozwolenia &#8211; trzecie zapytanie Dostawa energii&#46;&#46;&#46;<\/p>\n","protected":false},"author":1,"featured_media":0,"parent":0,"menu_order":0,"comment_status":"closed","ping_status":"closed","template":"","meta":{"footnotes":"","_links_to":"","_links_to_target":""},"class_list":["post-723","page","type-page","status-publish","hentry"],"_links":{"self":[{"href":"https:\/\/mpgkdarlowo.pl\/index.php\/wp-json\/wp\/v2\/pages\/723","targetHints":{"allow":["GET"]}}],"collection":[{"href":"https:\/\/mpgkdarlowo.pl\/index.php\/wp-json\/wp\/v2\/pages"}],"about":[{"href":"https:\/\/mpgkdarlowo.pl\/index.php\/wp-json\/wp\/v2\/types\/page"}],"author":[{"embeddable":true,"href":"https:\/\/mpgkdarlowo.pl\/index.php\/wp-json\/wp\/v2\/users\/1"}],"replies":[{"embeddable":true,"href":"https:\/\/mpgkdarlowo.pl\/index.php\/wp-json\/wp\/v2\/comments?post=723"}],"version-history":[{"count":19,"href":"https:\/\/mpgkdarlowo.pl\/index.php\/wp-json\/wp\/v2\/pages\/723\/revisions"}],"predecessor-version":[{"id":1091,"href":"https:\/\/mpgkdarlowo.pl\/index.php\/wp-json\/wp\/v2\/pages\/723\/revisions\/1091"}],"wp:attachment":[{"href":"https:\/\/mpgkdarlowo.pl\/index.php\/wp-json\/wp\/v2\/media?parent=723"}],"curies":[{"name":"wp","href":"https:\/\/api.w.org\/{rel}","templated":true}]}}