{"id":886,"date":"2025-04-04T13:57:33","date_gmt":"2025-04-04T11:57:33","guid":{"rendered":"https:\/\/mpgkdarlowo.pl\/?page_id=886"},"modified":"2025-04-04T13:59:04","modified_gmt":"2025-04-04T11:59:04","slug":"termin-skladania-ofert-22-04-2025-r-do-godziny-12-00","status":"publish","type":"page","link":"https:\/\/mpgkdarlowo.pl\/index.php\/termin-skladania-ofert-22-04-2025-r-do-godziny-12-00\/","title":{"rendered":""},"content":{"rendered":"\n<p><strong>Termin sk\u0142adania ofert: 22.04.2025 r. do godziny 12.00<\/strong><\/p>\n\n\n\n<p><a href=\"https:\/\/mpgkdarlowo.pl\/wp-content\/uploads\/2025\/04\/Zapytanie-ofertowe.pdf\">Zapytanie ofertowe<\/a><\/p>\n\n\n\n<p><a href=\"https:\/\/mpgkdarlowo.pl\/wp-content\/uploads\/2025\/04\/Zal.-nr-1-Formularz-ofertowy.docx\">Formularz ofertowy<\/a><\/p>\n\n\n\n<p><a href=\"https:\/\/mpgkdarlowo.pl\/wp-content\/uploads\/2025\/04\/Zal.-nr-2-Wykaz-osob.doc\">Wykaz os\u00f3b<\/a><\/p>\n\n\n\n<p><a href=\"https:\/\/mpgkdarlowo.pl\/wp-content\/uploads\/2025\/04\/Zal.-nr-3-Wykaz-wykonanych-prac-projektowych.doc\">Wykaz wykonanych prac<\/a><\/p>\n\n\n\n<p><a href=\"https:\/\/mpgkdarlowo.pl\/wp-content\/uploads\/2025\/04\/Zal.-nr-4-Wzor-umowy.pdf\">Wz\u00f3r umowy<\/a><\/p>\n\n\n\n<p><a href=\"https:\/\/mpgkdarlowo.pl\/wp-content\/uploads\/2025\/04\/Szczegolowy-opis-przedmiotu-zamowienia.docx\">Szczeg\u00f3\u0142owy opis Przedmiotu zam\u00f3wienia<\/a><\/p>\n\n\n\n<p><a href=\"https:\/\/mpgkdarlowo.pl\/wp-content\/uploads\/2025\/04\/Etap-1.pdf\">Mapa etap 1<\/a><\/p>\n\n\n\n<p><a href=\"https:\/\/mpgkdarlowo.pl\/wp-content\/uploads\/2025\/04\/Etap-2.pdf\">Mapa etap 2<\/a><\/p>\n","protected":false},"excerpt":{"rendered":"<p>Termin sk\u0142adania ofert: 22.04.2025 r. do godziny 12.00 Zapytanie ofertowe Formularz ofertowy Wykaz os\u00f3b Wykaz wykonanych prac Wz\u00f3r umowy Szczeg\u00f3\u0142owy opis Przedmiotu zam\u00f3wienia Mapa etap 1 Mapa etap 2<\/p>\n","protected":false},"author":1,"featured_media":0,"parent":0,"menu_order":0,"comment_status":"closed","ping_status":"closed","template":"","meta":{"footnotes":"","_links_to":"","_links_to_target":""},"class_list":["post-886","page","type-page","status-publish","hentry"],"_links":{"self":[{"href":"https:\/\/mpgkdarlowo.pl\/index.php\/wp-json\/wp\/v2\/pages\/886","targetHints":{"allow":["GET"]}}],"collection":[{"href":"https:\/\/mpgkdarlowo.pl\/index.php\/wp-json\/wp\/v2\/pages"}],"about":[{"href":"https:\/\/mpgkdarlowo.pl\/index.php\/wp-json\/wp\/v2\/types\/page"}],"author":[{"embeddable":true,"href":"https:\/\/mpgkdarlowo.pl\/index.php\/wp-json\/wp\/v2\/users\/1"}],"replies":[{"embeddable":true,"href":"https:\/\/mpgkdarlowo.pl\/index.php\/wp-json\/wp\/v2\/comments?post=886"}],"version-history":[{"count":2,"href":"https:\/\/mpgkdarlowo.pl\/index.php\/wp-json\/wp\/v2\/pages\/886\/revisions"}],"predecessor-version":[{"id":897,"href":"https:\/\/mpgkdarlowo.pl\/index.php\/wp-json\/wp\/v2\/pages\/886\/revisions\/897"}],"wp:attachment":[{"href":"https:\/\/mpgkdarlowo.pl\/index.php\/wp-json\/wp\/v2\/media?parent=886"}],"curies":[{"name":"wp","href":"https:\/\/api.w.org\/{rel}","templated":true}]}}