{"id":907,"date":"2025-04-09T10:42:17","date_gmt":"2025-04-09T08:42:17","guid":{"rendered":"https:\/\/mpgkdarlowo.pl\/?page_id=907"},"modified":"2025-04-09T10:42:17","modified_gmt":"2025-04-09T08:42:17","slug":"907-2","status":"publish","type":"page","link":"https:\/\/mpgkdarlowo.pl\/index.php\/907-2\/","title":{"rendered":""},"content":{"rendered":"\n<p><strong>Termin sk\u0142adania ofert: 23.04.2025 r. do godziny 12.00<\/strong><\/p>\n\n\n\n<p><a href=\"https:\/\/mpgkdarlowo.pl\/wp-content\/uploads\/2025\/04\/Zapytanie-ofertowe-1.pdf\">Zapytanie ofertowe<\/a><\/p>\n\n\n\n<p><a href=\"https:\/\/mpgkdarlowo.pl\/wp-content\/uploads\/2025\/04\/Zal.-nr-1-Formularz-ofertowy-1.docx\">Formularz ofertowy<\/a><\/p>\n\n\n\n<p><a href=\"https:\/\/mpgkdarlowo.pl\/wp-content\/uploads\/2025\/04\/Zal.-nr-2-Wykaz-wykonanych-uslug.doc\">Wykaz wykonanych us\u0142ug<\/a><\/p>\n\n\n\n<p><a href=\"https:\/\/mpgkdarlowo.pl\/wp-content\/uploads\/2025\/04\/Zal.-nr-3-Wzor-umowy.pdf\">Wz\u00f3r umowy<\/a><\/p>\n\n\n\n<p><a href=\"https:\/\/mpgkdarlowo.pl\/wp-content\/uploads\/2025\/04\/decyzja-oczyszczalnia-sciekow-Zukowo-Morskie.pdf\">Decyzja<\/a><\/p>\n\n\n\n<p><\/p>\n","protected":false},"excerpt":{"rendered":"<p>Termin sk\u0142adania ofert: 23.04.2025 r. do godziny 12.00 Zapytanie ofertowe Formularz ofertowy Wykaz wykonanych us\u0142ug Wz\u00f3r umowy Decyzja<\/p>\n","protected":false},"author":1,"featured_media":0,"parent":0,"menu_order":0,"comment_status":"closed","ping_status":"closed","template":"","meta":{"footnotes":"","_links_to":"","_links_to_target":""},"class_list":["post-907","page","type-page","status-publish","hentry"],"_links":{"self":[{"href":"https:\/\/mpgkdarlowo.pl\/index.php\/wp-json\/wp\/v2\/pages\/907","targetHints":{"allow":["GET"]}}],"collection":[{"href":"https:\/\/mpgkdarlowo.pl\/index.php\/wp-json\/wp\/v2\/pages"}],"about":[{"href":"https:\/\/mpgkdarlowo.pl\/index.php\/wp-json\/wp\/v2\/types\/page"}],"author":[{"embeddable":true,"href":"https:\/\/mpgkdarlowo.pl\/index.php\/wp-json\/wp\/v2\/users\/1"}],"replies":[{"embeddable":true,"href":"https:\/\/mpgkdarlowo.pl\/index.php\/wp-json\/wp\/v2\/comments?post=907"}],"version-history":[{"count":1,"href":"https:\/\/mpgkdarlowo.pl\/index.php\/wp-json\/wp\/v2\/pages\/907\/revisions"}],"predecessor-version":[{"id":908,"href":"https:\/\/mpgkdarlowo.pl\/index.php\/wp-json\/wp\/v2\/pages\/907\/revisions\/908"}],"wp:attachment":[{"href":"https:\/\/mpgkdarlowo.pl\/index.php\/wp-json\/wp\/v2\/media?parent=907"}],"curies":[{"name":"wp","href":"https:\/\/api.w.org\/{rel}","templated":true}]}}