{"id":96,"date":"2020-03-31T19:44:54","date_gmt":"2020-03-31T17:44:54","guid":{"rendered":"http:\/\/serwer1776168.home.pl\/autoinstalator\/wordpress\/?page_id=96"},"modified":"2020-03-31T19:44:55","modified_gmt":"2020-03-31T17:44:55","slug":"twardosc-wody","status":"publish","type":"page","link":"https:\/\/mpgkdarlowo.pl\/index.php\/twardosc-wody\/","title":{"rendered":"Twardo\u015b\u0107 wody"},"content":{"rendered":"\n<p>\n\nOg\u00f3lna twardo\u015b\u0107 wody na terenie miasta Dar\u0142owo<\/p>\n\n\n\n<p>280 mg CaCO<sub>3<\/sub>\/dm<sup>3<\/sup>&nbsp;&nbsp;&nbsp;&nbsp;&nbsp;&nbsp;tj.<\/p>\n\n\n\n<p>15,67\u00b0n \u2013 stopni niemieckich<br>28\u00b0f \u2013 stopni francuskich\n\n<\/p>\n","protected":false},"excerpt":{"rendered":"<p>Og\u00f3lna twardo\u015b\u0107 wody na terenie miasta Dar\u0142owo 280 mg CaCO3\/dm3&nbsp;&nbsp;&nbsp;&nbsp;&nbsp;&nbsp;tj. 15,67\u00b0n \u2013 stopni niemieckich28\u00b0f \u2013 stopni francuskich<\/p>\n","protected":false},"author":1,"featured_media":0,"parent":0,"menu_order":0,"comment_status":"closed","ping_status":"closed","template":"","meta":{"footnotes":"","_links_to":"","_links_to_target":""},"class_list":["post-96","page","type-page","status-publish","hentry"],"_links":{"self":[{"href":"https:\/\/mpgkdarlowo.pl\/index.php\/wp-json\/wp\/v2\/pages\/96","targetHints":{"allow":["GET"]}}],"collection":[{"href":"https:\/\/mpgkdarlowo.pl\/index.php\/wp-json\/wp\/v2\/pages"}],"about":[{"href":"https:\/\/mpgkdarlowo.pl\/index.php\/wp-json\/wp\/v2\/types\/page"}],"author":[{"embeddable":true,"href":"https:\/\/mpgkdarlowo.pl\/index.php\/wp-json\/wp\/v2\/users\/1"}],"replies":[{"embeddable":true,"href":"https:\/\/mpgkdarlowo.pl\/index.php\/wp-json\/wp\/v2\/comments?post=96"}],"version-history":[{"count":1,"href":"https:\/\/mpgkdarlowo.pl\/index.php\/wp-json\/wp\/v2\/pages\/96\/revisions"}],"predecessor-version":[{"id":97,"href":"https:\/\/mpgkdarlowo.pl\/index.php\/wp-json\/wp\/v2\/pages\/96\/revisions\/97"}],"wp:attachment":[{"href":"https:\/\/mpgkdarlowo.pl\/index.php\/wp-json\/wp\/v2\/media?parent=96"}],"curies":[{"name":"wp","href":"https:\/\/api.w.org\/{rel}","templated":true}]}}